{"id":16,"date":"2026-02-17T15:33:26","date_gmt":"2026-02-17T15:33:26","guid":{"rendered":"https:\/\/gyerekekert.hu\/?page_id=16"},"modified":"2026-03-30T17:28:13","modified_gmt":"2026-03-30T17:28:13","slug":"tamogatok","status":"publish","type":"page","link":"https:\/\/gyerekekert.hu\/index.php\/tamogatok\/","title":{"rendered":"T\u00e1mogat\u00f3k"},"content":{"rendered":"\n<figure class=\"wp-block-gallery has-nested-images columns-default is-cropped wp-block-gallery-2 is-layout-flex wp-block-gallery-is-layout-flex\">\n<figure class=\"wp-block-image size-large is-style-rounded\" id=\"Tetej\u00e9re\"><a href=\"https:\/\/www.facebook.com\/poolmaster.857305\"><img loading=\"lazy\" decoding=\"async\" width=\"300\" height=\"300\" data-id=\"442\" src=\"https:\/\/gyerekekert.hu\/wp-content\/uploads\/2026\/03\/poolmaster_logo.jpg\" alt=\"\" class=\"wp-image-442\" srcset=\"https:\/\/gyerekekert.hu\/wp-content\/uploads\/2026\/03\/poolmaster_logo.jpg 300w, https:\/\/gyerekekert.hu\/wp-content\/uploads\/2026\/03\/poolmaster_logo-150x150.jpg 150w, https:\/\/gyerekekert.hu\/wp-content\/uploads\/2026\/03\/poolmaster_logo-100x100.jpg 100w\" sizes=\"auto, (max-width: 300px) 100vw, 300px\" \/><\/a><\/figure>\n\n\n\n<figure class=\"wp-block-image size-large is-style-rounded\"><a href=\"https:\/\/www.facebook.com\/reklammaskent\"><img loading=\"lazy\" decoding=\"async\" width=\"300\" height=\"300\" data-id=\"433\" src=\"https:\/\/gyerekekert.hu\/wp-content\/uploads\/2026\/03\/csorna_logo.png\" alt=\"\" class=\"wp-image-433\" srcset=\"https:\/\/gyerekekert.hu\/wp-content\/uploads\/2026\/03\/csorna_logo.png 300w, https:\/\/gyerekekert.hu\/wp-content\/uploads\/2026\/03\/csorna_logo-150x150.png 150w, https:\/\/gyerekekert.hu\/wp-content\/uploads\/2026\/03\/csorna_logo-100x100.png 100w\" sizes=\"auto, (max-width: 300px) 100vw, 300px\" \/><\/a><\/figure>\n\n\n\n<figure class=\"wp-block-image size-large is-style-rounded\"><a href=\"https:\/\/www.facebook.com\/fanaticriders\"><img loading=\"lazy\" decoding=\"async\" width=\"300\" height=\"300\" data-id=\"444\" src=\"https:\/\/gyerekekert.hu\/wp-content\/uploads\/2026\/03\/fanatic-riders_logo.jpg\" alt=\"\" class=\"wp-image-444\" srcset=\"https:\/\/gyerekekert.hu\/wp-content\/uploads\/2026\/03\/fanatic-riders_logo.jpg 300w, https:\/\/gyerekekert.hu\/wp-content\/uploads\/2026\/03\/fanatic-riders_logo-150x150.jpg 150w, https:\/\/gyerekekert.hu\/wp-content\/uploads\/2026\/03\/fanatic-riders_logo-100x100.jpg 100w\" sizes=\"auto, (max-width: 300px) 100vw, 300px\" \/><\/a><\/figure>\n\n\n\n<figure class=\"wp-block-image size-large is-style-rounded\"><a href=\"https:\/\/www.facebook.com\/DeliBlokk\"><img loading=\"lazy\" decoding=\"async\" width=\"300\" height=\"300\" data-id=\"434\" src=\"https:\/\/gyerekekert.hu\/wp-content\/uploads\/2026\/03\/deliblokk.jpg\" alt=\"\" class=\"wp-image-434\" srcset=\"https:\/\/gyerekekert.hu\/wp-content\/uploads\/2026\/03\/deliblokk.jpg 300w, https:\/\/gyerekekert.hu\/wp-content\/uploads\/2026\/03\/deliblokk-150x150.jpg 150w, https:\/\/gyerekekert.hu\/wp-content\/uploads\/2026\/03\/deliblokk-100x100.jpg 100w\" sizes=\"auto, (max-width: 300px) 100vw, 300px\" \/><\/a><\/figure>\n\n\n\n<figure class=\"wp-block-image size-large is-style-rounded\"><a href=\"https:\/\/www.facebook.com\/galadmotor76\"><img loading=\"lazy\" decoding=\"async\" width=\"300\" height=\"300\" data-id=\"446\" src=\"https:\/\/gyerekekert.hu\/wp-content\/uploads\/2026\/03\/galad-motor.jpg\" alt=\"\" class=\"wp-image-446\" srcset=\"https:\/\/gyerekekert.hu\/wp-content\/uploads\/2026\/03\/galad-motor.jpg 300w, https:\/\/gyerekekert.hu\/wp-content\/uploads\/2026\/03\/galad-motor-150x150.jpg 150w, https:\/\/gyerekekert.hu\/wp-content\/uploads\/2026\/03\/galad-motor-100x100.jpg 100w\" sizes=\"auto, (max-width: 300px) 100vw, 300px\" \/><\/a><\/figure>\n\n\n\n<figure class=\"wp-block-image size-large is-style-rounded\"><a href=\"https:\/\/www.facebook.com\/HRSEAIRSOFT\"><img loading=\"lazy\" decoding=\"async\" width=\"300\" height=\"298\" data-id=\"438\" src=\"https:\/\/gyerekekert.hu\/wp-content\/uploads\/2026\/03\/AIRSOFT02.jpg\" alt=\"\" class=\"wp-image-438\" srcset=\"https:\/\/gyerekekert.hu\/wp-content\/uploads\/2026\/03\/AIRSOFT02.jpg 300w, https:\/\/gyerekekert.hu\/wp-content\/uploads\/2026\/03\/AIRSOFT02-150x150.jpg 150w, https:\/\/gyerekekert.hu\/wp-content\/uploads\/2026\/03\/AIRSOFT02-100x100.jpg 100w\" sizes=\"auto, (max-width: 300px) 100vw, 300px\" \/><\/a><\/figure>\n\n\n\n<figure class=\"wp-block-image size-large is-style-rounded\"><img loading=\"lazy\" decoding=\"async\" width=\"300\" height=\"300\" data-id=\"436\" src=\"https:\/\/gyerekekert.hu\/wp-content\/uploads\/2026\/03\/b5820686-d222-4e72-8df5-08f89a3e34ca.jpg\" alt=\"\" class=\"wp-image-436\" srcset=\"https:\/\/gyerekekert.hu\/wp-content\/uploads\/2026\/03\/b5820686-d222-4e72-8df5-08f89a3e34ca.jpg 300w, https:\/\/gyerekekert.hu\/wp-content\/uploads\/2026\/03\/b5820686-d222-4e72-8df5-08f89a3e34ca-150x150.jpg 150w, https:\/\/gyerekekert.hu\/wp-content\/uploads\/2026\/03\/b5820686-d222-4e72-8df5-08f89a3e34ca-100x100.jpg 100w\" sizes=\"auto, (max-width: 300px) 100vw, 300px\" \/><\/figure>\n\n\n\n<figure class=\"wp-block-image size-large\"><img loading=\"lazy\" decoding=\"async\" width=\"300\" height=\"266\" data-id=\"437\" src=\"https:\/\/gyerekekert.hu\/wp-content\/uploads\/2026\/03\/Bmw-club-szeged-2-2.png\" alt=\"\" class=\"wp-image-437\"\/><\/figure>\n\n\n\n<figure class=\"wp-block-image size-full\"><a href=\"https:\/\/www.facebook.com\/profile.php?id=100075883766855\"><img loading=\"lazy\" decoding=\"async\" width=\"297\" height=\"296\" data-id=\"475\" src=\"https:\/\/gyerekekert.hu\/wp-content\/uploads\/2026\/03\/BOMA_logo.png\" alt=\"\" class=\"wp-image-475\" srcset=\"https:\/\/gyerekekert.hu\/wp-content\/uploads\/2026\/03\/BOMA_logo.png 297w, https:\/\/gyerekekert.hu\/wp-content\/uploads\/2026\/03\/BOMA_logo-150x150.png 150w, https:\/\/gyerekekert.hu\/wp-content\/uploads\/2026\/03\/BOMA_logo-100x100.png 100w\" sizes=\"auto, (max-width: 297px) 100vw, 297px\" \/><\/a><\/figure>\n\n\n\n<figure class=\"wp-block-image size-large\"><a href=\"https:\/\/oriaspalacsintazo.hu\/\"><img loading=\"lazy\" decoding=\"async\" width=\"300\" height=\"300\" data-id=\"447\" src=\"https:\/\/gyerekekert.hu\/wp-content\/uploads\/2026\/03\/fagyis_logo.png\" alt=\"\" class=\"wp-image-447\" srcset=\"https:\/\/gyerekekert.hu\/wp-content\/uploads\/2026\/03\/fagyis_logo.png 300w, https:\/\/gyerekekert.hu\/wp-content\/uploads\/2026\/03\/fagyis_logo-150x150.png 150w, https:\/\/gyerekekert.hu\/wp-content\/uploads\/2026\/03\/fagyis_logo-100x100.png 100w\" sizes=\"auto, (max-width: 300px) 100vw, 300px\" \/><\/a><\/figure>\n\n\n\n<figure class=\"wp-block-image size-large\"><a href=\"https:\/\/www.facebook.com\/norbRTpht\"><img loading=\"lazy\" decoding=\"async\" width=\"300\" height=\"187\" data-id=\"441\" src=\"https:\/\/gyerekekert.hu\/wp-content\/uploads\/2026\/03\/Krizsan-Norbert.png\" alt=\"\" class=\"wp-image-441\"\/><\/a><\/figure>\n\n\n\n<figure class=\"wp-block-image size-large is-style-rounded\"><a href=\"https:\/\/mevitamuhely.hu\/kapcsolat\/\"><img loading=\"lazy\" decoding=\"async\" width=\"300\" height=\"200\" data-id=\"443\" src=\"https:\/\/gyerekekert.hu\/wp-content\/uploads\/2026\/03\/mevita_muhely_masszazs_logo.jpg\" alt=\"\" class=\"wp-image-443\"\/><\/a><\/figure>\n\n\n\n<figure class=\"wp-block-image size-large is-style-rounded\"><a href=\"https:\/\/www.facebook.com\/olajhazkft.hmvhely\"><img loading=\"lazy\" decoding=\"async\" width=\"300\" height=\"253\" data-id=\"440\" src=\"https:\/\/gyerekekert.hu\/wp-content\/uploads\/2026\/03\/Olajhaz_HMV_logo.jpg\" alt=\"\" class=\"wp-image-440\"\/><\/a><\/figure>\n\n\n\n<figure class=\"wp-block-image size-full is-style-rounded\"><a href=\"https:\/\/www.facebook.com\/pandaradiomagyarkanizsa\/?locale=hu_HU\"><img loading=\"lazy\" decoding=\"async\" width=\"300\" height=\"273\" data-id=\"467\" src=\"https:\/\/gyerekekert.hu\/wp-content\/uploads\/2026\/03\/Panda-Radio-1.jpg\" alt=\"\" class=\"wp-image-467\"\/><\/a><\/figure>\n\n\n\n<figure class=\"wp-block-image size-large is-style-rounded\"><a href=\"https:\/\/www.facebook.com\/groups\/1518125219368118\"><img loading=\"lazy\" decoding=\"async\" width=\"300\" height=\"300\" data-id=\"449\" src=\"https:\/\/gyerekekert.hu\/wp-content\/uploads\/2026\/03\/Timiboltja_logo.jpg\" alt=\"\" class=\"wp-image-449\" srcset=\"https:\/\/gyerekekert.hu\/wp-content\/uploads\/2026\/03\/Timiboltja_logo.jpg 300w, https:\/\/gyerekekert.hu\/wp-content\/uploads\/2026\/03\/Timiboltja_logo-150x150.jpg 150w, https:\/\/gyerekekert.hu\/wp-content\/uploads\/2026\/03\/Timiboltja_logo-100x100.jpg 100w\" sizes=\"auto, (max-width: 300px) 100vw, 300px\" \/><\/a><\/figure>\n\n\n\n<figure class=\"wp-block-image size-large is-style-rounded\"><a href=\"https:\/\/www.facebook.com\/profile.php?id=100090068184227\"><img loading=\"lazy\" decoding=\"async\" width=\"300\" height=\"300\" data-id=\"451\" src=\"https:\/\/gyerekekert.hu\/wp-content\/uploads\/2026\/03\/Z_ABLAK_logo.jpg\" alt=\"\" class=\"wp-image-451\" srcset=\"https:\/\/gyerekekert.hu\/wp-content\/uploads\/2026\/03\/Z_ABLAK_logo.jpg 300w, https:\/\/gyerekekert.hu\/wp-content\/uploads\/2026\/03\/Z_ABLAK_logo-150x150.jpg 150w, https:\/\/gyerekekert.hu\/wp-content\/uploads\/2026\/03\/Z_ABLAK_logo-100x100.jpg 100w\" sizes=\"auto, (max-width: 300px) 100vw, 300px\" \/><\/a><\/figure>\n\n\n\n<figure class=\"wp-block-image size-large is-style-rounded\"><a href=\"https:\/\/www.facebook.com\/zerofood.hu\"><img loading=\"lazy\" decoding=\"async\" width=\"300\" height=\"300\" data-id=\"450\" src=\"https:\/\/gyerekekert.hu\/wp-content\/uploads\/2026\/03\/zeroo-logo.jpg\" alt=\"\" class=\"wp-image-450\" srcset=\"https:\/\/gyerekekert.hu\/wp-content\/uploads\/2026\/03\/zeroo-logo.jpg 300w, https:\/\/gyerekekert.hu\/wp-content\/uploads\/2026\/03\/zeroo-logo-150x150.jpg 150w, https:\/\/gyerekekert.hu\/wp-content\/uploads\/2026\/03\/zeroo-logo-100x100.jpg 100w\" sizes=\"auto, (max-width: 300px) 100vw, 300px\" \/><\/a><\/figure>\n\n\n\n<figure class=\"wp-block-image size-full is-style-rounded\"><img loading=\"lazy\" decoding=\"async\" width=\"300\" height=\"300\" data-id=\"477\" src=\"https:\/\/gyerekekert.hu\/wp-content\/uploads\/2026\/03\/Kevevari-Timi_logo_kicsi-2.jpg\" alt=\"\" class=\"wp-image-477\" srcset=\"https:\/\/gyerekekert.hu\/wp-content\/uploads\/2026\/03\/Kevevari-Timi_logo_kicsi-2.jpg 300w, https:\/\/gyerekekert.hu\/wp-content\/uploads\/2026\/03\/Kevevari-Timi_logo_kicsi-2-150x150.jpg 150w, https:\/\/gyerekekert.hu\/wp-content\/uploads\/2026\/03\/Kevevari-Timi_logo_kicsi-2-100x100.jpg 100w\" sizes=\"auto, (max-width: 300px) 100vw, 300px\" \/><\/figure>\n\n\n\n<figure class=\"wp-block-image size-full wp-duotone-unset-1\"><img loading=\"lazy\" decoding=\"async\" width=\"300\" height=\"300\" data-id=\"485\" src=\"https:\/\/gyerekekert.hu\/wp-content\/uploads\/2026\/03\/Sandorfalvi-solymok_logo-1.png\" alt=\"\" class=\"wp-image-485\" srcset=\"https:\/\/gyerekekert.hu\/wp-content\/uploads\/2026\/03\/Sandorfalvi-solymok_logo-1.png 300w, https:\/\/gyerekekert.hu\/wp-content\/uploads\/2026\/03\/Sandorfalvi-solymok_logo-1-150x150.png 150w, https:\/\/gyerekekert.hu\/wp-content\/uploads\/2026\/03\/Sandorfalvi-solymok_logo-1-100x100.png 100w\" sizes=\"auto, (max-width: 300px) 100vw, 300px\" \/><\/figure>\n\n\n\n<figure class=\"wp-block-image size-large is-style-rounded\"><a href=\"https:\/\/www.facebook.com\/BeasSzeged\"><img loading=\"lazy\" decoding=\"async\" width=\"300\" height=\"300\" data-id=\"476\" src=\"https:\/\/gyerekekert.hu\/wp-content\/uploads\/2026\/03\/bea_s_logo.jpg\" alt=\"\" class=\"wp-image-476\" srcset=\"https:\/\/gyerekekert.hu\/wp-content\/uploads\/2026\/03\/bea_s_logo.jpg 300w, https:\/\/gyerekekert.hu\/wp-content\/uploads\/2026\/03\/bea_s_logo-150x150.jpg 150w, https:\/\/gyerekekert.hu\/wp-content\/uploads\/2026\/03\/bea_s_logo-100x100.jpg 100w\" sizes=\"auto, (max-width: 300px) 100vw, 300px\" \/><\/a><\/figure>\n\n\n\n<figure class=\"wp-block-image size-large is-style-rounded\"><a href=\"http:\/\/Www.reczikerteszet.hu\"><img loading=\"lazy\" decoding=\"async\" width=\"300\" height=\"200\" data-id=\"479\" src=\"https:\/\/gyerekekert.hu\/wp-content\/uploads\/2026\/03\/Reczipal_logo.jpg\" alt=\"\" class=\"wp-image-479\"\/><\/a><\/figure>\n\n\n\n<figure class=\"wp-block-image size-large is-style-rounded\"><a href=\"https:\/\/www.facebook.com\/Szoregi.Gazdabolt\/?locale=hu_HU\"><img loading=\"lazy\" decoding=\"async\" width=\"300\" height=\"300\" data-id=\"482\" src=\"https:\/\/gyerekekert.hu\/wp-content\/uploads\/2026\/03\/szogeri-gazdabolt.jpg\" alt=\"\" class=\"wp-image-482\" srcset=\"https:\/\/gyerekekert.hu\/wp-content\/uploads\/2026\/03\/szogeri-gazdabolt.jpg 300w, https:\/\/gyerekekert.hu\/wp-content\/uploads\/2026\/03\/szogeri-gazdabolt-150x150.jpg 150w, https:\/\/gyerekekert.hu\/wp-content\/uploads\/2026\/03\/szogeri-gazdabolt-100x100.jpg 100w\" sizes=\"auto, (max-width: 300px) 100vw, 300px\" \/><\/a><\/figure>\n\n\n\n<figure class=\"wp-block-image size-large\"><a href=\"https:\/\/uj.gokartparkszeged.hu\/\"><img loading=\"lazy\" decoding=\"async\" width=\"300\" height=\"300\" data-id=\"483\" src=\"https:\/\/gyerekekert.hu\/wp-content\/uploads\/2026\/03\/gokart_szeged_logo.png\" alt=\"\" class=\"wp-image-483\" srcset=\"https:\/\/gyerekekert.hu\/wp-content\/uploads\/2026\/03\/gokart_szeged_logo.png 300w, https:\/\/gyerekekert.hu\/wp-content\/uploads\/2026\/03\/gokart_szeged_logo-150x150.png 150w, https:\/\/gyerekekert.hu\/wp-content\/uploads\/2026\/03\/gokart_szeged_logo-100x100.png 100w\" sizes=\"auto, (max-width: 300px) 100vw, 300px\" \/><\/a><\/figure>\n\n\n\n<figure class=\"wp-block-image size-large is-style-rounded\"><a href=\"https:\/\/www.facebook.com\/profile.php?id=100057683222432\"><img loading=\"lazy\" decoding=\"async\" width=\"300\" height=\"300\" data-id=\"688\" src=\"https:\/\/gyerekekert.hu\/wp-content\/uploads\/2026\/03\/MAD_fighters-performace_logo.jpg\" alt=\"\" class=\"wp-image-688\" srcset=\"https:\/\/gyerekekert.hu\/wp-content\/uploads\/2026\/03\/MAD_fighters-performace_logo.jpg 300w, https:\/\/gyerekekert.hu\/wp-content\/uploads\/2026\/03\/MAD_fighters-performace_logo-150x150.jpg 150w, https:\/\/gyerekekert.hu\/wp-content\/uploads\/2026\/03\/MAD_fighters-performace_logo-100x100.jpg 100w\" sizes=\"auto, (max-width: 300px) 100vw, 300px\" \/><\/a><\/figure>\n\n\n\n<figure class=\"wp-block-image size-large\"><img loading=\"lazy\" decoding=\"async\" width=\"600\" height=\"66\" data-id=\"690\" src=\"https:\/\/gyerekekert.hu\/wp-content\/uploads\/2026\/03\/LOUIS_ALEX_logo.jpg\" alt=\"\" class=\"wp-image-690\" srcset=\"https:\/\/gyerekekert.hu\/wp-content\/uploads\/2026\/03\/LOUIS_ALEX_logo.jpg 600w, https:\/\/gyerekekert.hu\/wp-content\/uploads\/2026\/03\/LOUIS_ALEX_logo-300x33.jpg 300w\" sizes=\"auto, (max-width: 600px) 100vw, 600px\" \/><\/figure>\n\n\n\n<figure class=\"wp-block-image size-large wp-duotone-midnight\"><a href=\"https:\/\/www.uni-lock.hu\/\"><img loading=\"lazy\" decoding=\"async\" width=\"431\" height=\"80\" data-id=\"691\" src=\"https:\/\/gyerekekert.hu\/wp-content\/uploads\/2026\/03\/UNILOCK_logo.png\" alt=\"\" class=\"wp-image-691\" srcset=\"https:\/\/gyerekekert.hu\/wp-content\/uploads\/2026\/03\/UNILOCK_logo.png 431w, https:\/\/gyerekekert.hu\/wp-content\/uploads\/2026\/03\/UNILOCK_logo-300x56.png 300w\" sizes=\"auto, (max-width: 431px) 100vw, 431px\" \/><\/a><\/figure>\n<\/figure>\n\n\n\n<h2 class=\"wp-block-heading\"><\/h2>\n\n\n\n<p><\/p>\n\n\n\n<p><\/p>\n\n\n\n<p><\/p>\n","protected":false},"excerpt":{"rendered":"","protected":false},"author":1,"featured_media":0,"parent":0,"menu_order":0,"comment_status":"closed","ping_status":"closed","template":"","meta":{"footnotes":""},"class_list":["post-16","page","type-page","status-publish","hentry"],"yoast_head":"<!-- This site is optimized with the Yoast SEO plugin v27.4 - https:\/\/yoast.com\/product\/yoast-seo-wordpress\/ -->\n<title>T\u00e1mogat\u00f3k - K\u00e9t ker\u00e9ken a gyerekek\u00e9rt<\/title>\n<meta name=\"robots\" content=\"index, follow, max-snippet:-1, max-image-preview:large, max-video-preview:-1\" \/>\n<link rel=\"canonical\" href=\"https:\/\/gyerekekert.hu\/index.php\/tamogatok\/\" \/>\n<meta property=\"og:locale\" content=\"hu_HU\" \/>\n<meta property=\"og:type\" content=\"article\" \/>\n<meta property=\"og:title\" content=\"T\u00e1mogat\u00f3k - K\u00e9t ker\u00e9ken a gyerekek\u00e9rt\" \/>\n<meta property=\"og:url\" content=\"https:\/\/gyerekekert.hu\/index.php\/tamogatok\/\" \/>\n<meta property=\"og:site_name\" content=\"K\u00e9t ker\u00e9ken a gyerekek\u00e9rt\" \/>\n<meta property=\"article:publisher\" content=\"https:\/\/www.facebook.com\/groups\/383507342828860\" \/>\n<meta property=\"article:modified_time\" content=\"2026-03-30T17:28:13+00:00\" \/>\n<meta property=\"og:image\" content=\"https:\/\/gyerekekert.hu\/wp-content\/uploads\/2026\/03\/poolmaster_logo.jpg\" \/>\n\t<meta property=\"og:image:width\" content=\"300\" \/>\n\t<meta property=\"og:image:height\" content=\"300\" \/>\n\t<meta property=\"og:image:type\" content=\"image\/jpeg\" \/>\n<meta name=\"twitter:card\" content=\"summary_large_image\" \/>\n<meta name=\"twitter:label1\" content=\"Becs\u00fclt olvas\u00e1si id\u0151\" \/>\n\t<meta name=\"twitter:data1\" content=\"6 perc\" \/>\n<script type=\"application\/ld+json\" class=\"yoast-schema-graph\">{\"@context\":\"https:\\\/\\\/schema.org\",\"@graph\":[{\"@type\":\"WebPage\",\"@id\":\"https:\\\/\\\/gyerekekert.hu\\\/index.php\\\/tamogatok\\\/\",\"url\":\"https:\\\/\\\/gyerekekert.hu\\\/index.php\\\/tamogatok\\\/\",\"name\":\"T\u00e1mogat\u00f3k - K\u00e9t ker\u00e9ken a gyerekek\u00e9rt\",\"isPartOf\":{\"@id\":\"https:\\\/\\\/gyerekekert.hu\\\/#website\"},\"primaryImageOfPage\":{\"@id\":\"https:\\\/\\\/gyerekekert.hu\\\/index.php\\\/tamogatok\\\/#primaryimage\"},\"image\":{\"@id\":\"https:\\\/\\\/gyerekekert.hu\\\/index.php\\\/tamogatok\\\/#primaryimage\"},\"thumbnailUrl\":\"https:\\\/\\\/gyerekekert.hu\\\/wp-content\\\/uploads\\\/2026\\\/03\\\/poolmaster_logo.jpg\",\"datePublished\":\"2026-02-17T15:33:26+00:00\",\"dateModified\":\"2026-03-30T17:28:13+00:00\",\"breadcrumb\":{\"@id\":\"https:\\\/\\\/gyerekekert.hu\\\/index.php\\\/tamogatok\\\/#breadcrumb\"},\"inLanguage\":\"hu\",\"potentialAction\":[{\"@type\":\"ReadAction\",\"target\":[\"https:\\\/\\\/gyerekekert.hu\\\/index.php\\\/tamogatok\\\/\"]}]},{\"@type\":\"ImageObject\",\"inLanguage\":\"hu\",\"@id\":\"https:\\\/\\\/gyerekekert.hu\\\/index.php\\\/tamogatok\\\/#primaryimage\",\"url\":\"https:\\\/\\\/gyerekekert.hu\\\/wp-content\\\/uploads\\\/2026\\\/03\\\/poolmaster_logo.jpg\",\"contentUrl\":\"https:\\\/\\\/gyerekekert.hu\\\/wp-content\\\/uploads\\\/2026\\\/03\\\/poolmaster_logo.jpg\",\"width\":300,\"height\":300},{\"@type\":\"BreadcrumbList\",\"@id\":\"https:\\\/\\\/gyerekekert.hu\\\/index.php\\\/tamogatok\\\/#breadcrumb\",\"itemListElement\":[{\"@type\":\"ListItem\",\"position\":1,\"name\":\"Kezd\u0151lap\",\"item\":\"https:\\\/\\\/gyerekekert.hu\\\/\"},{\"@type\":\"ListItem\",\"position\":2,\"name\":\"T\u00e1mogat\u00f3k\"}]},{\"@type\":\"WebSite\",\"@id\":\"https:\\\/\\\/gyerekekert.hu\\\/#website\",\"url\":\"https:\\\/\\\/gyerekekert.hu\\\/\",\"name\":\"K\u00e9t ker\u00e9ken a gyerekek\u00e9rt\",\"description\":\"\",\"publisher\":{\"@id\":\"https:\\\/\\\/gyerekekert.hu\\\/#organization\"},\"potentialAction\":[{\"@type\":\"SearchAction\",\"target\":{\"@type\":\"EntryPoint\",\"urlTemplate\":\"https:\\\/\\\/gyerekekert.hu\\\/?s={search_term_string}\"},\"query-input\":{\"@type\":\"PropertyValueSpecification\",\"valueRequired\":true,\"valueName\":\"search_term_string\"}}],\"inLanguage\":\"hu\"},{\"@type\":\"Organization\",\"@id\":\"https:\\\/\\\/gyerekekert.hu\\\/#organization\",\"name\":\"K\u00e9t ker\u00e9ken a gyerekek\u00e9rt\",\"url\":\"https:\\\/\\\/gyerekekert.hu\\\/\",\"logo\":{\"@type\":\"ImageObject\",\"inLanguage\":\"hu\",\"@id\":\"https:\\\/\\\/gyerekekert.hu\\\/#\\\/schema\\\/logo\\\/image\\\/\",\"url\":\"https:\\\/\\\/gyerekekert.hu\\\/wp-content\\\/uploads\\\/2026\\\/02\\\/cropped-kagy_logo_900px.png\",\"contentUrl\":\"https:\\\/\\\/gyerekekert.hu\\\/wp-content\\\/uploads\\\/2026\\\/02\\\/cropped-kagy_logo_900px.png\",\"width\":250,\"height\":250,\"caption\":\"K\u00e9t ker\u00e9ken a gyerekek\u00e9rt\"},\"image\":{\"@id\":\"https:\\\/\\\/gyerekekert.hu\\\/#\\\/schema\\\/logo\\\/image\\\/\"},\"sameAs\":[\"https:\\\/\\\/www.facebook.com\\\/groups\\\/383507342828860\"]}]}<\/script>\n<!-- \/ Yoast SEO plugin. -->","yoast_head_json":{"title":"T\u00e1mogat\u00f3k - K\u00e9t ker\u00e9ken a gyerekek\u00e9rt","robots":{"index":"index","follow":"follow","max-snippet":"max-snippet:-1","max-image-preview":"max-image-preview:large","max-video-preview":"max-video-preview:-1"},"canonical":"https:\/\/gyerekekert.hu\/index.php\/tamogatok\/","og_locale":"hu_HU","og_type":"article","og_title":"T\u00e1mogat\u00f3k - K\u00e9t ker\u00e9ken a gyerekek\u00e9rt","og_url":"https:\/\/gyerekekert.hu\/index.php\/tamogatok\/","og_site_name":"K\u00e9t ker\u00e9ken a gyerekek\u00e9rt","article_publisher":"https:\/\/www.facebook.com\/groups\/383507342828860","article_modified_time":"2026-03-30T17:28:13+00:00","og_image":[{"width":300,"height":300,"url":"https:\/\/gyerekekert.hu\/wp-content\/uploads\/2026\/03\/poolmaster_logo.jpg","type":"image\/jpeg"}],"twitter_card":"summary_large_image","twitter_misc":{"Becs\u00fclt olvas\u00e1si id\u0151":"6 perc"},"schema":{"@context":"https:\/\/schema.org","@graph":[{"@type":"WebPage","@id":"https:\/\/gyerekekert.hu\/index.php\/tamogatok\/","url":"https:\/\/gyerekekert.hu\/index.php\/tamogatok\/","name":"T\u00e1mogat\u00f3k - K\u00e9t ker\u00e9ken a gyerekek\u00e9rt","isPartOf":{"@id":"https:\/\/gyerekekert.hu\/#website"},"primaryImageOfPage":{"@id":"https:\/\/gyerekekert.hu\/index.php\/tamogatok\/#primaryimage"},"image":{"@id":"https:\/\/gyerekekert.hu\/index.php\/tamogatok\/#primaryimage"},"thumbnailUrl":"https:\/\/gyerekekert.hu\/wp-content\/uploads\/2026\/03\/poolmaster_logo.jpg","datePublished":"2026-02-17T15:33:26+00:00","dateModified":"2026-03-30T17:28:13+00:00","breadcrumb":{"@id":"https:\/\/gyerekekert.hu\/index.php\/tamogatok\/#breadcrumb"},"inLanguage":"hu","potentialAction":[{"@type":"ReadAction","target":["https:\/\/gyerekekert.hu\/index.php\/tamogatok\/"]}]},{"@type":"ImageObject","inLanguage":"hu","@id":"https:\/\/gyerekekert.hu\/index.php\/tamogatok\/#primaryimage","url":"https:\/\/gyerekekert.hu\/wp-content\/uploads\/2026\/03\/poolmaster_logo.jpg","contentUrl":"https:\/\/gyerekekert.hu\/wp-content\/uploads\/2026\/03\/poolmaster_logo.jpg","width":300,"height":300},{"@type":"BreadcrumbList","@id":"https:\/\/gyerekekert.hu\/index.php\/tamogatok\/#breadcrumb","itemListElement":[{"@type":"ListItem","position":1,"name":"Kezd\u0151lap","item":"https:\/\/gyerekekert.hu\/"},{"@type":"ListItem","position":2,"name":"T\u00e1mogat\u00f3k"}]},{"@type":"WebSite","@id":"https:\/\/gyerekekert.hu\/#website","url":"https:\/\/gyerekekert.hu\/","name":"K\u00e9t ker\u00e9ken a gyerekek\u00e9rt","description":"","publisher":{"@id":"https:\/\/gyerekekert.hu\/#organization"},"potentialAction":[{"@type":"SearchAction","target":{"@type":"EntryPoint","urlTemplate":"https:\/\/gyerekekert.hu\/?s={search_term_string}"},"query-input":{"@type":"PropertyValueSpecification","valueRequired":true,"valueName":"search_term_string"}}],"inLanguage":"hu"},{"@type":"Organization","@id":"https:\/\/gyerekekert.hu\/#organization","name":"K\u00e9t ker\u00e9ken a gyerekek\u00e9rt","url":"https:\/\/gyerekekert.hu\/","logo":{"@type":"ImageObject","inLanguage":"hu","@id":"https:\/\/gyerekekert.hu\/#\/schema\/logo\/image\/","url":"https:\/\/gyerekekert.hu\/wp-content\/uploads\/2026\/02\/cropped-kagy_logo_900px.png","contentUrl":"https:\/\/gyerekekert.hu\/wp-content\/uploads\/2026\/02\/cropped-kagy_logo_900px.png","width":250,"height":250,"caption":"K\u00e9t ker\u00e9ken a gyerekek\u00e9rt"},"image":{"@id":"https:\/\/gyerekekert.hu\/#\/schema\/logo\/image\/"},"sameAs":["https:\/\/www.facebook.com\/groups\/383507342828860"]}]}},"_links":{"self":[{"href":"https:\/\/gyerekekert.hu\/index.php\/wp-json\/wp\/v2\/pages\/16","targetHints":{"allow":["GET"]}}],"collection":[{"href":"https:\/\/gyerekekert.hu\/index.php\/wp-json\/wp\/v2\/pages"}],"about":[{"href":"https:\/\/gyerekekert.hu\/index.php\/wp-json\/wp\/v2\/types\/page"}],"author":[{"embeddable":true,"href":"https:\/\/gyerekekert.hu\/index.php\/wp-json\/wp\/v2\/users\/1"}],"replies":[{"embeddable":true,"href":"https:\/\/gyerekekert.hu\/index.php\/wp-json\/wp\/v2\/comments?post=16"}],"version-history":[{"count":34,"href":"https:\/\/gyerekekert.hu\/index.php\/wp-json\/wp\/v2\/pages\/16\/revisions"}],"predecessor-version":[{"id":747,"href":"https:\/\/gyerekekert.hu\/index.php\/wp-json\/wp\/v2\/pages\/16\/revisions\/747"}],"wp:attachment":[{"href":"https:\/\/gyerekekert.hu\/index.php\/wp-json\/wp\/v2\/media?parent=16"}],"curies":[{"name":"wp","href":"https:\/\/api.w.org\/{rel}","templated":true}]}}